{"id":151,"date":"2024-09-20T10:51:22","date_gmt":"2024-09-20T10:51:22","guid":{"rendered":"https:\/\/profitedge.es\/?page_id=151"},"modified":"2024-09-20T10:54:27","modified_gmt":"2024-09-20T10:54:27","slug":"estrategia-tecnologica","status":"publish","type":"page","link":"https:\/\/profitedge.es\/index.php\/estrategia-tecnologica\/","title":{"rendered":"Estrategia Tecnol\u00f3gica"},"content":{"rendered":"\n<h2 class=\"wp-block-heading\">Estrategia Tecnol\u00f3gica<\/h2>\n\n\n\n<p>En ProfitEdge, tambi\u00e9n ofrecemos servicios especializados en el desarrollo de<br>estrategias digitales y tecnol\u00f3gicas, asegurando que tu empresa se mantenga a la<br>vanguardia de la innovaci\u00f3n.<br><strong>1 Desarrollo de Estrategias Digitales:<\/strong>&nbsp;Creamos estrategias digitales integrales<br>que optimizan tu presencia en l\u00ednea y mejoran la experiencia del usuario.<br><strong>2 Desarrollo Tecnol\u00f3gico:&nbsp;<\/strong>Implementamos soluciones tecnol\u00f3gicas avanzadas<br>que mejoran la eficiencia operativa y la competitividad.<br><strong>3 Desarrollo de Apps<\/strong>: Dise\u00f1amos y desarrollamos aplicaciones m\u00f3viles y web<br>que satisfacen las necesidades de tus clientes y mejoran la interacci\u00f3n con tu marca.<br><strong>4 Entornos VR (Realidad Virtual):<\/strong>&nbsp;Desarrollamos experiencias de realidad<br>virtual que permiten a tus clientes interactuar con tus productos y servicios de<br>maneras innovadoras.<br><strong>5 Inteligencia Artificial (IA):&nbsp;<\/strong>Implementamos soluciones de IA que optimizan<br>procesos, mejoran la toma de decisiones y proporcionan insights valiosos para tu<br>negocio.<\/p>\n","protected":false},"excerpt":{"rendered":"<p>Estrategia Tecnol\u00f3gica En ProfitEdge, tambi\u00e9n ofrecemos servicios especializados en el desarrollo deestrategias digitales y tecnol\u00f3gicas, asegurando que tu empresa se mantenga a lavanguardia de la innovaci\u00f3n.1 Desarrollo de Estrategias Digitales:&nbsp;Creamos estrategias digitales integralesque optimizan tu presencia en l\u00ednea y mejoran la experiencia del usuario.2 Desarrollo Tecnol\u00f3gico:&nbsp;Implementamos soluciones tecnol\u00f3gicas avanzadasque mejoran [&hellip;]<\/p>\n","protected":false},"author":1,"featured_media":55,"parent":0,"menu_order":0,"comment_status":"closed","ping_status":"closed","template":"","meta":{"footnotes":""},"class_list":["post-151","page","type-page","status-publish","has-post-thumbnail","hentry"],"yoast_head":"<!-- This site is optimized with the Yoast SEO plugin v23.4 - https:\/\/yoast.com\/wordpress\/plugins\/seo\/ -->\n<title>Estrategia Tecnol\u00f3gica - ProfitEdge - Where strategies meet results<\/title>\n<meta name=\"robots\" content=\"index, follow, max-snippet:-1, max-image-preview:large, max-video-preview:-1\" \/>\n<link rel=\"canonical\" href=\"https:\/\/profitedge.es\/index.php\/estrategia-tecnologica\/\" \/>\n<meta property=\"og:locale\" content=\"es_ES\" \/>\n<meta property=\"og:type\" content=\"article\" \/>\n<meta property=\"og:title\" content=\"Estrategia Tecnol\u00f3gica - ProfitEdge - Where strategies meet results\" \/>\n<meta property=\"og:description\" content=\"Estrategia Tecnol\u00f3gica En ProfitEdge, tambi\u00e9n ofrecemos servicios especializados en el desarrollo deestrategias digitales y tecnol\u00f3gicas, asegurando que tu empresa se mantenga a lavanguardia de la innovaci\u00f3n.1 Desarrollo de Estrategias Digitales:&nbsp;Creamos estrategias digitales integralesque optimizan tu presencia en l\u00ednea y mejoran la experiencia del usuario.2 Desarrollo Tecnol\u00f3gico:&nbsp;Implementamos soluciones tecnol\u00f3gicas avanzadasque mejoran [&hellip;]\" \/>\n<meta property=\"og:url\" content=\"https:\/\/profitedge.es\/index.php\/estrategia-tecnologica\/\" \/>\n<meta property=\"og:site_name\" content=\"ProfitEdge - Where strategies meet results\" \/>\n<meta property=\"article:modified_time\" content=\"2024-09-20T10:54:27+00:00\" \/>\n<meta property=\"og:image\" content=\"https:\/\/profitedge.es\/wp-content\/uploads\/2024\/09\/Designer.jpeg\" \/>\n\t<meta property=\"og:image:width\" content=\"1024\" \/>\n\t<meta property=\"og:image:height\" content=\"1024\" \/>\n\t<meta property=\"og:image:type\" content=\"image\/jpeg\" \/>\n<meta name=\"twitter:card\" content=\"summary_large_image\" \/>\n<meta name=\"twitter:label1\" content=\"Tiempo de lectura\" \/>\n\t<meta name=\"twitter:data1\" content=\"1 minuto\" \/>\n<script type=\"application\/ld+json\" class=\"yoast-schema-graph\">{\"@context\":\"https:\/\/schema.org\",\"@graph\":[{\"@type\":\"WebPage\",\"@id\":\"https:\/\/profitedge.es\/index.php\/estrategia-tecnologica\/\",\"url\":\"https:\/\/profitedge.es\/index.php\/estrategia-tecnologica\/\",\"name\":\"Estrategia Tecnol\u00f3gica - ProfitEdge - Where strategies meet results\",\"isPartOf\":{\"@id\":\"https:\/\/profitedge.es\/#website\"},\"primaryImageOfPage\":{\"@id\":\"https:\/\/profitedge.es\/index.php\/estrategia-tecnologica\/#primaryimage\"},\"image\":{\"@id\":\"https:\/\/profitedge.es\/index.php\/estrategia-tecnologica\/#primaryimage\"},\"thumbnailUrl\":\"https:\/\/profitedge.es\/wp-content\/uploads\/2024\/09\/Designer.jpeg\",\"datePublished\":\"2024-09-20T10:51:22+00:00\",\"dateModified\":\"2024-09-20T10:54:27+00:00\",\"breadcrumb\":{\"@id\":\"https:\/\/profitedge.es\/index.php\/estrategia-tecnologica\/#breadcrumb\"},\"inLanguage\":\"es\",\"potentialAction\":[{\"@type\":\"ReadAction\",\"target\":[\"https:\/\/profitedge.es\/index.php\/estrategia-tecnologica\/\"]}]},{\"@type\":\"ImageObject\",\"inLanguage\":\"es\",\"@id\":\"https:\/\/profitedge.es\/index.php\/estrategia-tecnologica\/#primaryimage\",\"url\":\"https:\/\/profitedge.es\/wp-content\/uploads\/2024\/09\/Designer.jpeg\",\"contentUrl\":\"https:\/\/profitedge.es\/wp-content\/uploads\/2024\/09\/Designer.jpeg\",\"width\":1024,\"height\":1024},{\"@type\":\"BreadcrumbList\",\"@id\":\"https:\/\/profitedge.es\/index.php\/estrategia-tecnologica\/#breadcrumb\",\"itemListElement\":[{\"@type\":\"ListItem\",\"position\":1,\"name\":\"Portada\",\"item\":\"https:\/\/profitedge.es\/\"},{\"@type\":\"ListItem\",\"position\":2,\"name\":\"Estrategia Tecnol\u00f3gica\"}]},{\"@type\":\"WebSite\",\"@id\":\"https:\/\/profitedge.es\/#website\",\"url\":\"https:\/\/profitedge.es\/\",\"name\":\"ProfitEdge - Where strategies meet results\",\"description\":\"Where Strategies Meet Results\",\"publisher\":{\"@id\":\"https:\/\/profitedge.es\/#organization\"},\"potentialAction\":[{\"@type\":\"SearchAction\",\"target\":{\"@type\":\"EntryPoint\",\"urlTemplate\":\"https:\/\/profitedge.es\/?s={search_term_string}\"},\"query-input\":{\"@type\":\"PropertyValueSpecification\",\"valueRequired\":true,\"valueName\":\"search_term_string\"}}],\"inLanguage\":\"es\"},{\"@type\":\"Organization\",\"@id\":\"https:\/\/profitedge.es\/#organization\",\"name\":\"ProfitEdge - Where strategies meet results\",\"url\":\"https:\/\/profitedge.es\/\",\"logo\":{\"@type\":\"ImageObject\",\"inLanguage\":\"es\",\"@id\":\"https:\/\/profitedge.es\/#\/schema\/logo\/image\/\",\"url\":\"https:\/\/profitedge.es\/wp-content\/uploads\/2024\/09\/cropped-logo_basic-removebg-preview.png\",\"contentUrl\":\"https:\/\/profitedge.es\/wp-content\/uploads\/2024\/09\/cropped-logo_basic-removebg-preview.png\",\"width\":636,\"height\":168,\"caption\":\"ProfitEdge - Where strategies meet results\"},\"image\":{\"@id\":\"https:\/\/profitedge.es\/#\/schema\/logo\/image\/\"}}]}<\/script>\n<!-- \/ Yoast SEO plugin. -->","yoast_head_json":{"title":"Estrategia Tecnol\u00f3gica - ProfitEdge - Where strategies meet results","robots":{"index":"index","follow":"follow","max-snippet":"max-snippet:-1","max-image-preview":"max-image-preview:large","max-video-preview":"max-video-preview:-1"},"canonical":"https:\/\/profitedge.es\/index.php\/estrategia-tecnologica\/","og_locale":"es_ES","og_type":"article","og_title":"Estrategia Tecnol\u00f3gica - ProfitEdge - Where strategies meet results","og_description":"Estrategia Tecnol\u00f3gica En ProfitEdge, tambi\u00e9n ofrecemos servicios especializados en el desarrollo deestrategias digitales y tecnol\u00f3gicas, asegurando que tu empresa se mantenga a lavanguardia de la innovaci\u00f3n.1 Desarrollo de Estrategias Digitales:&nbsp;Creamos estrategias digitales integralesque optimizan tu presencia en l\u00ednea y mejoran la experiencia del usuario.2 Desarrollo Tecnol\u00f3gico:&nbsp;Implementamos soluciones tecnol\u00f3gicas avanzadasque mejoran [&hellip;]","og_url":"https:\/\/profitedge.es\/index.php\/estrategia-tecnologica\/","og_site_name":"ProfitEdge - Where strategies meet results","article_modified_time":"2024-09-20T10:54:27+00:00","og_image":[{"width":1024,"height":1024,"url":"https:\/\/profitedge.es\/wp-content\/uploads\/2024\/09\/Designer.jpeg","type":"image\/jpeg"}],"twitter_card":"summary_large_image","twitter_misc":{"Tiempo de lectura":"1 minuto"},"schema":{"@context":"https:\/\/schema.org","@graph":[{"@type":"WebPage","@id":"https:\/\/profitedge.es\/index.php\/estrategia-tecnologica\/","url":"https:\/\/profitedge.es\/index.php\/estrategia-tecnologica\/","name":"Estrategia Tecnol\u00f3gica - ProfitEdge - Where strategies meet results","isPartOf":{"@id":"https:\/\/profitedge.es\/#website"},"primaryImageOfPage":{"@id":"https:\/\/profitedge.es\/index.php\/estrategia-tecnologica\/#primaryimage"},"image":{"@id":"https:\/\/profitedge.es\/index.php\/estrategia-tecnologica\/#primaryimage"},"thumbnailUrl":"https:\/\/profitedge.es\/wp-content\/uploads\/2024\/09\/Designer.jpeg","datePublished":"2024-09-20T10:51:22+00:00","dateModified":"2024-09-20T10:54:27+00:00","breadcrumb":{"@id":"https:\/\/profitedge.es\/index.php\/estrategia-tecnologica\/#breadcrumb"},"inLanguage":"es","potentialAction":[{"@type":"ReadAction","target":["https:\/\/profitedge.es\/index.php\/estrategia-tecnologica\/"]}]},{"@type":"ImageObject","inLanguage":"es","@id":"https:\/\/profitedge.es\/index.php\/estrategia-tecnologica\/#primaryimage","url":"https:\/\/profitedge.es\/wp-content\/uploads\/2024\/09\/Designer.jpeg","contentUrl":"https:\/\/profitedge.es\/wp-content\/uploads\/2024\/09\/Designer.jpeg","width":1024,"height":1024},{"@type":"BreadcrumbList","@id":"https:\/\/profitedge.es\/index.php\/estrategia-tecnologica\/#breadcrumb","itemListElement":[{"@type":"ListItem","position":1,"name":"Portada","item":"https:\/\/profitedge.es\/"},{"@type":"ListItem","position":2,"name":"Estrategia Tecnol\u00f3gica"}]},{"@type":"WebSite","@id":"https:\/\/profitedge.es\/#website","url":"https:\/\/profitedge.es\/","name":"ProfitEdge - Where strategies meet results","description":"Where Strategies Meet Results","publisher":{"@id":"https:\/\/profitedge.es\/#organization"},"potentialAction":[{"@type":"SearchAction","target":{"@type":"EntryPoint","urlTemplate":"https:\/\/profitedge.es\/?s={search_term_string}"},"query-input":{"@type":"PropertyValueSpecification","valueRequired":true,"valueName":"search_term_string"}}],"inLanguage":"es"},{"@type":"Organization","@id":"https:\/\/profitedge.es\/#organization","name":"ProfitEdge - Where strategies meet results","url":"https:\/\/profitedge.es\/","logo":{"@type":"ImageObject","inLanguage":"es","@id":"https:\/\/profitedge.es\/#\/schema\/logo\/image\/","url":"https:\/\/profitedge.es\/wp-content\/uploads\/2024\/09\/cropped-logo_basic-removebg-preview.png","contentUrl":"https:\/\/profitedge.es\/wp-content\/uploads\/2024\/09\/cropped-logo_basic-removebg-preview.png","width":636,"height":168,"caption":"ProfitEdge - Where strategies meet results"},"image":{"@id":"https:\/\/profitedge.es\/#\/schema\/logo\/image\/"}}]}},"_links":{"self":[{"href":"https:\/\/profitedge.es\/index.php\/wp-json\/wp\/v2\/pages\/151","targetHints":{"allow":["GET"]}}],"collection":[{"href":"https:\/\/profitedge.es\/index.php\/wp-json\/wp\/v2\/pages"}],"about":[{"href":"https:\/\/profitedge.es\/index.php\/wp-json\/wp\/v2\/types\/page"}],"author":[{"embeddable":true,"href":"https:\/\/profitedge.es\/index.php\/wp-json\/wp\/v2\/users\/1"}],"replies":[{"embeddable":true,"href":"https:\/\/profitedge.es\/index.php\/wp-json\/wp\/v2\/comments?post=151"}],"version-history":[{"count":3,"href":"https:\/\/profitedge.es\/index.php\/wp-json\/wp\/v2\/pages\/151\/revisions"}],"predecessor-version":[{"id":161,"href":"https:\/\/profitedge.es\/index.php\/wp-json\/wp\/v2\/pages\/151\/revisions\/161"}],"wp:featuredmedia":[{"embeddable":true,"href":"https:\/\/profitedge.es\/index.php\/wp-json\/wp\/v2\/media\/55"}],"wp:attachment":[{"href":"https:\/\/profitedge.es\/index.php\/wp-json\/wp\/v2\/media?parent=151"}],"curies":[{"name":"wp","href":"https:\/\/api.w.org\/{rel}","templated":true}]}}