{"id":148,"date":"2024-09-20T10:51:22","date_gmt":"2024-09-20T10:51:22","guid":{"rendered":"https:\/\/profitedge.es\/?page_id=148"},"modified":"2024-09-20T10:53:52","modified_gmt":"2024-09-20T10:53:52","slug":"estrategia-y-planes-estrategicos","status":"publish","type":"page","link":"https:\/\/profitedge.es\/index.php\/estrategia-y-planes-estrategicos\/","title":{"rendered":"Estrategia y Planes Estrat\u00e9gicos"},"content":{"rendered":"\n<h2 class=\"wp-block-heading\">Estrategia y Planes Estrat\u00e9gicos<\/h2>\n\n\n\n<p>La estrategia establece una concepci\u00f3n general de los objetivos que la organizaci\u00f3n se propone y de lo que necesita para alcanzarlos. Los planes estrat\u00e9gicos tienden puentes entre aquella concepci\u00f3n general y los proyectos concretos y acciones diarias en los que, en \u00faltima instancia, se materializa la estrategia. El primer paso consiste en conocer las diferencias entre estrategia y planes estrat\u00e9gicos, y por qu\u00e9 es importante distinguirlos.<\/p>\n\n\n\n<ul class=\"wp-block-list\">\n<li>La estrategia define la direcci\u00f3n de la empresa a largo plazo. Articula c\u00f3mo actuar\u00e1 la empresa para competir con buenos resultados en los mercados elegidos o, en el caso del sector p\u00fablico, c\u00f3mo actuar\u00e1 la entidad para cumplir su misi\u00f3n.<\/li>\n\n\n\n<li>Los planes estrat\u00e9gicos definen c\u00f3mo alcanzar\u00e1 la empresa sus aspiraciones a medio plazo. Con demasiada frecuencia los planes estrat\u00e9gicos se establecen solo para ser olvidados hasta que se inicia el siguiente ciclo de planificaci\u00f3n. Un plan estrat\u00e9gico bien elaborado transforma la estrategia en una hoja de ruta clara, con las iniciativas, acciones e inversiones necesarias para ejecutarla y alcanzar los objetivos de la empresa.<\/li>\n\n\n\n<li>Los planes estrat\u00e9gicos departamentales documentan las decisiones y acciones que necesita adoptar el departamento para avanzar de su estado actual hasta el estado final deseado y contribuir eficazmente al modelo de negocio y a los objetivos de la empresa.<\/li>\n\n\n\n<li>Los planes estrat\u00e9gicos de la unidad de negocio definen y concluyen las metas, los objetivos y las iniciativas de cada unidad, teniendo en cuenta al mismo tiempo las prioridades de la empresa y las tendencias externas.\u00a0<\/li>\n\n\n\n<li>Los planes operativos se ocupan de la ejecuci\u00f3n\u00a0de proyectos y cambios espec\u00edficos a corto plazo, as\u00ed como de aquellas tareas operativas que no se recogen en el plan estrat\u00e9gico.<\/li>\n<\/ul>\n","protected":false},"excerpt":{"rendered":"<p>Estrategia y Planes Estrat\u00e9gicos La estrategia establece una concepci\u00f3n general de los objetivos que la organizaci\u00f3n se propone y de lo que necesita para alcanzarlos. Los planes estrat\u00e9gicos tienden puentes entre aquella concepci\u00f3n general y los proyectos concretos y acciones diarias en los que, en \u00faltima instancia, se materializa la [&hellip;]<\/p>\n","protected":false},"author":1,"featured_media":81,"parent":0,"menu_order":0,"comment_status":"closed","ping_status":"closed","template":"","meta":{"footnotes":""},"class_list":["post-148","page","type-page","status-publish","has-post-thumbnail","hentry"],"yoast_head":"<!-- This site is optimized with the Yoast SEO plugin v23.4 - https:\/\/yoast.com\/wordpress\/plugins\/seo\/ -->\n<title>Estrategia y Planes Estrat\u00e9gicos - ProfitEdge - Where strategies meet results<\/title>\n<meta name=\"robots\" content=\"index, follow, max-snippet:-1, max-image-preview:large, max-video-preview:-1\" \/>\n<link rel=\"canonical\" href=\"https:\/\/profitedge.es\/index.php\/estrategia-y-planes-estrategicos\/\" \/>\n<meta property=\"og:locale\" content=\"es_ES\" \/>\n<meta property=\"og:type\" content=\"article\" \/>\n<meta property=\"og:title\" content=\"Estrategia y Planes Estrat\u00e9gicos - ProfitEdge - Where strategies meet results\" \/>\n<meta property=\"og:description\" content=\"Estrategia y Planes Estrat\u00e9gicos La estrategia establece una concepci\u00f3n general de los objetivos que la organizaci\u00f3n se propone y de lo que necesita para alcanzarlos. Los planes estrat\u00e9gicos tienden puentes entre aquella concepci\u00f3n general y los proyectos concretos y acciones diarias en los que, en \u00faltima instancia, se materializa la [&hellip;]\" \/>\n<meta property=\"og:url\" content=\"https:\/\/profitedge.es\/index.php\/estrategia-y-planes-estrategicos\/\" \/>\n<meta property=\"og:site_name\" content=\"ProfitEdge - Where strategies meet results\" \/>\n<meta property=\"article:modified_time\" content=\"2024-09-20T10:53:52+00:00\" \/>\n<meta property=\"og:image\" content=\"https:\/\/profitedge.es\/wp-content\/uploads\/2024\/09\/global-business-internet-network-connection-iot-internet-things-business-intelligence-concept-busines-global-network-futuristic-technology-background-ai-generative-scaled.jpg\" \/>\n\t<meta property=\"og:image:width\" content=\"2560\" \/>\n\t<meta property=\"og:image:height\" content=\"1707\" \/>\n\t<meta property=\"og:image:type\" content=\"image\/jpeg\" \/>\n<meta name=\"twitter:card\" content=\"summary_large_image\" \/>\n<meta name=\"twitter:label1\" content=\"Tiempo de lectura\" \/>\n\t<meta name=\"twitter:data1\" content=\"2 minutos\" \/>\n<script type=\"application\/ld+json\" class=\"yoast-schema-graph\">{\"@context\":\"https:\/\/schema.org\",\"@graph\":[{\"@type\":\"WebPage\",\"@id\":\"https:\/\/profitedge.es\/index.php\/estrategia-y-planes-estrategicos\/\",\"url\":\"https:\/\/profitedge.es\/index.php\/estrategia-y-planes-estrategicos\/\",\"name\":\"Estrategia y Planes Estrat\u00e9gicos - ProfitEdge - Where strategies meet results\",\"isPartOf\":{\"@id\":\"https:\/\/profitedge.es\/#website\"},\"primaryImageOfPage\":{\"@id\":\"https:\/\/profitedge.es\/index.php\/estrategia-y-planes-estrategicos\/#primaryimage\"},\"image\":{\"@id\":\"https:\/\/profitedge.es\/index.php\/estrategia-y-planes-estrategicos\/#primaryimage\"},\"thumbnailUrl\":\"https:\/\/profitedge.es\/wp-content\/uploads\/2024\/09\/global-business-internet-network-connection-iot-internet-things-business-intelligence-concept-busines-global-network-futuristic-technology-background-ai-generative-scaled.jpg\",\"datePublished\":\"2024-09-20T10:51:22+00:00\",\"dateModified\":\"2024-09-20T10:53:52+00:00\",\"breadcrumb\":{\"@id\":\"https:\/\/profitedge.es\/index.php\/estrategia-y-planes-estrategicos\/#breadcrumb\"},\"inLanguage\":\"es\",\"potentialAction\":[{\"@type\":\"ReadAction\",\"target\":[\"https:\/\/profitedge.es\/index.php\/estrategia-y-planes-estrategicos\/\"]}]},{\"@type\":\"ImageObject\",\"inLanguage\":\"es\",\"@id\":\"https:\/\/profitedge.es\/index.php\/estrategia-y-planes-estrategicos\/#primaryimage\",\"url\":\"https:\/\/profitedge.es\/wp-content\/uploads\/2024\/09\/global-business-internet-network-connection-iot-internet-things-business-intelligence-concept-busines-global-network-futuristic-technology-background-ai-generative-scaled.jpg\",\"contentUrl\":\"https:\/\/profitedge.es\/wp-content\/uploads\/2024\/09\/global-business-internet-network-connection-iot-internet-things-business-intelligence-concept-busines-global-network-futuristic-technology-background-ai-generative-scaled.jpg\",\"width\":2560,\"height\":1707,\"caption\":\"Global business, internet network connection, IoT Internet of Things, business intelligence concept. Busines global network, futuristic technology background. AI generative\"},{\"@type\":\"BreadcrumbList\",\"@id\":\"https:\/\/profitedge.es\/index.php\/estrategia-y-planes-estrategicos\/#breadcrumb\",\"itemListElement\":[{\"@type\":\"ListItem\",\"position\":1,\"name\":\"Portada\",\"item\":\"https:\/\/profitedge.es\/\"},{\"@type\":\"ListItem\",\"position\":2,\"name\":\"Estrategia y Planes Estrat\u00e9gicos\"}]},{\"@type\":\"WebSite\",\"@id\":\"https:\/\/profitedge.es\/#website\",\"url\":\"https:\/\/profitedge.es\/\",\"name\":\"ProfitEdge - Where strategies meet results\",\"description\":\"Where Strategies Meet Results\",\"publisher\":{\"@id\":\"https:\/\/profitedge.es\/#organization\"},\"potentialAction\":[{\"@type\":\"SearchAction\",\"target\":{\"@type\":\"EntryPoint\",\"urlTemplate\":\"https:\/\/profitedge.es\/?s={search_term_string}\"},\"query-input\":{\"@type\":\"PropertyValueSpecification\",\"valueRequired\":true,\"valueName\":\"search_term_string\"}}],\"inLanguage\":\"es\"},{\"@type\":\"Organization\",\"@id\":\"https:\/\/profitedge.es\/#organization\",\"name\":\"ProfitEdge - Where strategies meet results\",\"url\":\"https:\/\/profitedge.es\/\",\"logo\":{\"@type\":\"ImageObject\",\"inLanguage\":\"es\",\"@id\":\"https:\/\/profitedge.es\/#\/schema\/logo\/image\/\",\"url\":\"https:\/\/profitedge.es\/wp-content\/uploads\/2024\/09\/cropped-logo_basic-removebg-preview.png\",\"contentUrl\":\"https:\/\/profitedge.es\/wp-content\/uploads\/2024\/09\/cropped-logo_basic-removebg-preview.png\",\"width\":636,\"height\":168,\"caption\":\"ProfitEdge - Where strategies meet results\"},\"image\":{\"@id\":\"https:\/\/profitedge.es\/#\/schema\/logo\/image\/\"}}]}<\/script>\n<!-- \/ Yoast SEO plugin. -->","yoast_head_json":{"title":"Estrategia y Planes Estrat\u00e9gicos - ProfitEdge - Where strategies meet results","robots":{"index":"index","follow":"follow","max-snippet":"max-snippet:-1","max-image-preview":"max-image-preview:large","max-video-preview":"max-video-preview:-1"},"canonical":"https:\/\/profitedge.es\/index.php\/estrategia-y-planes-estrategicos\/","og_locale":"es_ES","og_type":"article","og_title":"Estrategia y Planes Estrat\u00e9gicos - ProfitEdge - Where strategies meet results","og_description":"Estrategia y Planes Estrat\u00e9gicos La estrategia establece una concepci\u00f3n general de los objetivos que la organizaci\u00f3n se propone y de lo que necesita para alcanzarlos. Los planes estrat\u00e9gicos tienden puentes entre aquella concepci\u00f3n general y los proyectos concretos y acciones diarias en los que, en \u00faltima instancia, se materializa la [&hellip;]","og_url":"https:\/\/profitedge.es\/index.php\/estrategia-y-planes-estrategicos\/","og_site_name":"ProfitEdge - Where strategies meet results","article_modified_time":"2024-09-20T10:53:52+00:00","og_image":[{"width":2560,"height":1707,"url":"https:\/\/profitedge.es\/wp-content\/uploads\/2024\/09\/global-business-internet-network-connection-iot-internet-things-business-intelligence-concept-busines-global-network-futuristic-technology-background-ai-generative-scaled.jpg","type":"image\/jpeg"}],"twitter_card":"summary_large_image","twitter_misc":{"Tiempo de lectura":"2 minutos"},"schema":{"@context":"https:\/\/schema.org","@graph":[{"@type":"WebPage","@id":"https:\/\/profitedge.es\/index.php\/estrategia-y-planes-estrategicos\/","url":"https:\/\/profitedge.es\/index.php\/estrategia-y-planes-estrategicos\/","name":"Estrategia y Planes Estrat\u00e9gicos - ProfitEdge - Where strategies meet results","isPartOf":{"@id":"https:\/\/profitedge.es\/#website"},"primaryImageOfPage":{"@id":"https:\/\/profitedge.es\/index.php\/estrategia-y-planes-estrategicos\/#primaryimage"},"image":{"@id":"https:\/\/profitedge.es\/index.php\/estrategia-y-planes-estrategicos\/#primaryimage"},"thumbnailUrl":"https:\/\/profitedge.es\/wp-content\/uploads\/2024\/09\/global-business-internet-network-connection-iot-internet-things-business-intelligence-concept-busines-global-network-futuristic-technology-background-ai-generative-scaled.jpg","datePublished":"2024-09-20T10:51:22+00:00","dateModified":"2024-09-20T10:53:52+00:00","breadcrumb":{"@id":"https:\/\/profitedge.es\/index.php\/estrategia-y-planes-estrategicos\/#breadcrumb"},"inLanguage":"es","potentialAction":[{"@type":"ReadAction","target":["https:\/\/profitedge.es\/index.php\/estrategia-y-planes-estrategicos\/"]}]},{"@type":"ImageObject","inLanguage":"es","@id":"https:\/\/profitedge.es\/index.php\/estrategia-y-planes-estrategicos\/#primaryimage","url":"https:\/\/profitedge.es\/wp-content\/uploads\/2024\/09\/global-business-internet-network-connection-iot-internet-things-business-intelligence-concept-busines-global-network-futuristic-technology-background-ai-generative-scaled.jpg","contentUrl":"https:\/\/profitedge.es\/wp-content\/uploads\/2024\/09\/global-business-internet-network-connection-iot-internet-things-business-intelligence-concept-busines-global-network-futuristic-technology-background-ai-generative-scaled.jpg","width":2560,"height":1707,"caption":"Global business, internet network connection, IoT Internet of Things, business intelligence concept. Busines global network, futuristic technology background. AI generative"},{"@type":"BreadcrumbList","@id":"https:\/\/profitedge.es\/index.php\/estrategia-y-planes-estrategicos\/#breadcrumb","itemListElement":[{"@type":"ListItem","position":1,"name":"Portada","item":"https:\/\/profitedge.es\/"},{"@type":"ListItem","position":2,"name":"Estrategia y Planes Estrat\u00e9gicos"}]},{"@type":"WebSite","@id":"https:\/\/profitedge.es\/#website","url":"https:\/\/profitedge.es\/","name":"ProfitEdge - Where strategies meet results","description":"Where Strategies Meet Results","publisher":{"@id":"https:\/\/profitedge.es\/#organization"},"potentialAction":[{"@type":"SearchAction","target":{"@type":"EntryPoint","urlTemplate":"https:\/\/profitedge.es\/?s={search_term_string}"},"query-input":{"@type":"PropertyValueSpecification","valueRequired":true,"valueName":"search_term_string"}}],"inLanguage":"es"},{"@type":"Organization","@id":"https:\/\/profitedge.es\/#organization","name":"ProfitEdge - Where strategies meet results","url":"https:\/\/profitedge.es\/","logo":{"@type":"ImageObject","inLanguage":"es","@id":"https:\/\/profitedge.es\/#\/schema\/logo\/image\/","url":"https:\/\/profitedge.es\/wp-content\/uploads\/2024\/09\/cropped-logo_basic-removebg-preview.png","contentUrl":"https:\/\/profitedge.es\/wp-content\/uploads\/2024\/09\/cropped-logo_basic-removebg-preview.png","width":636,"height":168,"caption":"ProfitEdge - Where strategies meet results"},"image":{"@id":"https:\/\/profitedge.es\/#\/schema\/logo\/image\/"}}]}},"_links":{"self":[{"href":"https:\/\/profitedge.es\/index.php\/wp-json\/wp\/v2\/pages\/148","targetHints":{"allow":["GET"]}}],"collection":[{"href":"https:\/\/profitedge.es\/index.php\/wp-json\/wp\/v2\/pages"}],"about":[{"href":"https:\/\/profitedge.es\/index.php\/wp-json\/wp\/v2\/types\/page"}],"author":[{"embeddable":true,"href":"https:\/\/profitedge.es\/index.php\/wp-json\/wp\/v2\/users\/1"}],"replies":[{"embeddable":true,"href":"https:\/\/profitedge.es\/index.php\/wp-json\/wp\/v2\/comments?post=148"}],"version-history":[{"count":3,"href":"https:\/\/profitedge.es\/index.php\/wp-json\/wp\/v2\/pages\/148\/revisions"}],"predecessor-version":[{"id":380,"href":"https:\/\/profitedge.es\/index.php\/wp-json\/wp\/v2\/pages\/148\/revisions\/380"}],"wp:featuredmedia":[{"embeddable":true,"href":"https:\/\/profitedge.es\/index.php\/wp-json\/wp\/v2\/media\/81"}],"wp:attachment":[{"href":"https:\/\/profitedge.es\/index.php\/wp-json\/wp\/v2\/media?parent=148"}],"curies":[{"name":"wp","href":"https:\/\/api.w.org\/{rel}","templated":true}]}}