{"id":103,"date":"2024-09-20T10:12:50","date_gmt":"2024-09-20T10:12:50","guid":{"rendered":"https:\/\/profitedge.es\/?page_id=103"},"modified":"2024-10-08T10:17:02","modified_gmt":"2024-10-08T10:17:02","slug":"equipo","status":"publish","type":"page","link":"https:\/\/profitedge.es\/index.php\/equipo\/","title":{"rendered":"Equipo"},"content":{"rendered":"\n<div class=\"wp-block-columns alignwide is-layout-flex wp-container-core-columns-is-layout-829b1d53 wp-block-columns-is-layout-flex\" style=\"margin-bottom:0\">\n<div class=\"wp-block-column is-vertically-aligned-center has-text-color has-background has-link-color wp-elements-a51b0c3b6625df3d1130ac2c55ece6b3 is-layout-flow wp-block-column-is-layout-flow\" style=\"color:#000000;background-color:#ffe97d;padding-top:2em;padding-right:2em;padding-bottom:2em;padding-left:2em\">\n<h2 class=\"wp-block-heading has-text-align-center\" id=\"single\" style=\"font-size:35px\">C\u00e9sar Guerra<\/h2>\n\n\n<div class=\"wp-block-image\">\n<figure class=\"alignleft size-full is-resized\"><img loading=\"lazy\" decoding=\"async\" width=\"200\" height=\"200\" src=\"https:\/\/profitedge.es\/wp-content\/uploads\/2024\/09\/cgglinkedin.jpeg\" alt=\"\" class=\"wp-image-30\" style=\"width:158px;height:auto\" srcset=\"https:\/\/profitedge.es\/wp-content\/uploads\/2024\/09\/cgglinkedin.jpeg 200w, https:\/\/profitedge.es\/wp-content\/uploads\/2024\/09\/cgglinkedin-150x150.jpeg 150w\" sizes=\"auto, (max-width: 200px) 100vw, 200px\" \/><\/figure>\n<\/div>\n\n\n<p class=\"has-text-align-left\">Profesional con 15 a\u00f1os de experiencia combinada en Ventas y Gesti\u00f3n de Partner dentro del sector TI. Optimista y entusiasta sobre la generaci\u00f3n de nuevos negocios fomentando excelentes relaciones con clientes. Experiencia en trabajar con CXO en grandes empresas y un profundo conocimiento del mercado de la Nube, Centros de Datos, Telecomunicaciones y soluciones IaaS, PaaS y SaaS.<\/p>\n\n\n\n<hr class=\"wp-block-separator has-text-color has-css-opacity has-background is-style-wide\" style=\"background-color:#000000;color:#000000\"\/>\n\n\n\n<ul class=\"wp-block-social-links aligncenter is-layout-flex wp-block-social-links-is-layout-flex\"><li class=\"wp-social-link wp-social-link-linkedin  wp-block-social-link\"><a href=\"https:\/\/www.linkedin.com\/in\/cguerrag\" class=\"wp-block-social-link-anchor\"><svg width=\"24\" height=\"24\" viewBox=\"0 0 24 24\" version=\"1.1\" xmlns=\"http:\/\/www.w3.org\/2000\/svg\" aria-hidden=\"true\" focusable=\"false\"><path d=\"M19.7,3H4.3C3.582,3,3,3.582,3,4.3v15.4C3,20.418,3.582,21,4.3,21h15.4c0.718,0,1.3-0.582,1.3-1.3V4.3 C21,3.582,20.418,3,19.7,3z M8.339,18.338H5.667v-8.59h2.672V18.338z M7.004,8.574c-0.857,0-1.549-0.694-1.549-1.548 c0-0.855,0.691-1.548,1.549-1.548c0.854,0,1.547,0.694,1.547,1.548C8.551,7.881,7.858,8.574,7.004,8.574z M18.339,18.338h-2.669 v-4.177c0-0.996-0.017-2.278-1.387-2.278c-1.389,0-1.601,1.086-1.601,2.206v4.249h-2.667v-8.59h2.559v1.174h0.037 c0.356-0.675,1.227-1.387,2.526-1.387c2.703,0,3.203,1.779,3.203,4.092V18.338z\"><\/path><\/svg><span class=\"wp-block-social-link-label screen-reader-text\">LinkedIn<\/span><\/a><\/li><\/ul>\n<\/div>\n\n\n\n<div class=\"wp-block-column is-vertically-aligned-top has-text-color has-background has-link-color wp-elements-3bbf21cf9beff7722cdcc09c1444f92f is-layout-flow wp-block-column-is-layout-flow\" style=\"color:#000000;background-color:#d1d1e1;padding-top:2em;padding-right:2em;padding-bottom:2em;padding-left:2em\">\n<h2 class=\"wp-block-heading has-text-align-center\" id=\"family\" style=\"font-size:31px\">Carlos Fern\u00e1ndez<\/h2>\n\n\n<div class=\"wp-block-image\">\n<figure class=\"alignleft size-full is-resized\"><img loading=\"lazy\" decoding=\"async\" width=\"200\" height=\"200\" src=\"https:\/\/profitedge.es\/wp-content\/uploads\/2024\/09\/carlosfdez.jpeg\" alt=\"\" class=\"wp-image-118\" style=\"width:152px;height:auto\" srcset=\"https:\/\/profitedge.es\/wp-content\/uploads\/2024\/09\/carlosfdez.jpeg 200w, https:\/\/profitedge.es\/wp-content\/uploads\/2024\/09\/carlosfdez-150x150.jpeg 150w\" sizes=\"auto, (max-width: 200px) 100vw, 200px\" \/><\/figure>\n<\/div>\n\n\n<p>Profesional con 25 a\u00f1os de experiencia internacional en el sector IT desarrollando negocio para grandes cuentas (banca, seguros, telcos, industria\u2026). <br>Experto en gesti\u00f3n de equipos de ventas, procesos de ventas y proyectos multidisciplinares de alta complejidad en entorno&nbsp;multinacional<\/p>\n\n\n\n<hr class=\"wp-block-separator has-css-opacity is-style-wide\"\/>\n\n\n\n<ul class=\"wp-block-social-links aligncenter is-layout-flex wp-block-social-links-is-layout-flex\"><li class=\"wp-social-link wp-social-link-linkedin  wp-block-social-link\"><a href=\"https:\/\/www.linkedin.com\/in\/carlos-fernandez-menendez-22253148\" class=\"wp-block-social-link-anchor\"><svg width=\"24\" height=\"24\" viewBox=\"0 0 24 24\" version=\"1.1\" xmlns=\"http:\/\/www.w3.org\/2000\/svg\" aria-hidden=\"true\" focusable=\"false\"><path d=\"M19.7,3H4.3C3.582,3,3,3.582,3,4.3v15.4C3,20.418,3.582,21,4.3,21h15.4c0.718,0,1.3-0.582,1.3-1.3V4.3 C21,3.582,20.418,3,19.7,3z M8.339,18.338H5.667v-8.59h2.672V18.338z M7.004,8.574c-0.857,0-1.549-0.694-1.549-1.548 c0-0.855,0.691-1.548,1.549-1.548c0.854,0,1.547,0.694,1.547,1.548C8.551,7.881,7.858,8.574,7.004,8.574z M18.339,18.338h-2.669 v-4.177c0-0.996-0.017-2.278-1.387-2.278c-1.389,0-1.601,1.086-1.601,2.206v4.249h-2.667v-8.59h2.559v1.174h0.037 c0.356-0.675,1.227-1.387,2.526-1.387c2.703,0,3.203,1.779,3.203,4.092V18.338z\"><\/path><\/svg><span class=\"wp-block-social-link-label screen-reader-text\">LinkedIn<\/span><\/a><\/li><\/ul>\n<\/div>\n\n\n\n<div class=\"wp-block-column is-vertically-aligned-top has-text-color has-background has-link-color wp-elements-62669f406c251e93860dcdd9283ca01f is-layout-flow wp-block-column-is-layout-flow\" style=\"color:#000000;background-color:#c0ebf1;padding-top:2em;padding-right:2em;padding-bottom:2em;padding-left:2em\">\n<h2 class=\"wp-block-heading has-text-align-center\" id=\"patron\" style=\"font-size:35px\">Antonio B. <\/h2>\n\n\n<div class=\"wp-block-image\">\n<figure class=\"alignleft size-full is-resized\"><img loading=\"lazy\" decoding=\"async\" width=\"474\" height=\"487\" src=\"https:\/\/profitedge.es\/wp-content\/uploads\/2024\/09\/OIP-4.jpeg\" alt=\"\" class=\"wp-image-259\" style=\"width:146px;height:auto\" srcset=\"https:\/\/profitedge.es\/wp-content\/uploads\/2024\/09\/OIP-4.jpeg 474w, https:\/\/profitedge.es\/wp-content\/uploads\/2024\/09\/OIP-4-292x300.jpeg 292w\" sizes=\"auto, (max-width: 474px) 100vw, 474px\" \/><\/figure>\n<\/div>\n\n\n<p class=\"has-normal-font-size\">Profesional con m\u00e1s de 20 a\u00f1os de experiencia en el Sector de Digital Media especializado en <br>Desarrollo de Estrategias Digitales, Desarrollo Tecnol\u00f3gico y de Aplicaciones.<br><br>Trabajando en los \u00faltimos a\u00f1os en desarrollo de entornos VR e Inteligencia Artificial, implementando soluciones de IA para optimizar procesos y mejorar la toma de decisiones en Corporaciones.<\/p>\n\n\n\n<hr class=\"wp-block-separator has-css-opacity is-style-wide\"\/>\n<\/div>\n<\/div>\n\n\n\n<div style=\"height:165px\" aria-hidden=\"true\" class=\"wp-block-spacer\"><\/div>\n\n\n\n<div class=\"wp-block-cover alignfull\" style=\"margin-top:0;margin-bottom:0;padding-top:24px;padding-right:24px;padding-bottom:24px;padding-left:24px;min-height:50vh;aspect-ratio:unset;\"><span aria-hidden=\"true\" class=\"wp-block-cover__background has-black-background-color has-background-dim-100 has-background-dim\"><\/span><div class=\"wp-block-cover__inner-container is-layout-flow wp-block-cover-is-layout-flow\">\n<div class=\"wp-block-columns is-layout-flex wp-container-core-columns-is-layout-9d6595d7 wp-block-columns-is-layout-flex\">\n<div class=\"wp-block-column is-layout-flow wp-block-column-is-layout-flow\" style=\"flex-basis:20%\"><\/div>\n\n\n\n<div class=\"wp-block-column is-layout-flow wp-block-column-is-layout-flow\" style=\"flex-basis:60%\">\n<h2 class=\"wp-block-heading alignwide has-text-align-center has-x-large-font-size\">Let\u2019s work together on your next project<\/h2>\n\n\n\n<p class=\"has-text-align-center\"><\/p>\n\n\n\n<div class=\"wp-block-buttons is-content-justification-center is-layout-flex wp-container-core-buttons-is-layout-16018d1d wp-block-buttons-is-layout-flex\">\n<div class=\"wp-block-button\"><a class=\"wp-block-button__link has-white-color has-accent-background-color has-text-color has-background wp-element-button\" href=\"https:\/\/profitedge.es\/index.php\/contacto\/\">Contacta con nosotros<\/a><\/div>\n<\/div>\n<\/div>\n\n\n\n<div class=\"wp-block-column is-layout-flow wp-block-column-is-layout-flow\" style=\"flex-basis:20%\"><\/div>\n<\/div>\n<\/div><\/div>\n\n\n\n<p><\/p>\n","protected":false},"excerpt":{"rendered":"<p>C\u00e9sar Guerra Profesional con 15 a\u00f1os de experiencia combinada en Ventas y Gesti\u00f3n de Partner dentro del sector TI. Optimista y entusiasta sobre la generaci\u00f3n de nuevos negocios fomentando excelentes relaciones con clientes. Experiencia en trabajar con CXO en grandes empresas y un profundo conocimiento del mercado de la Nube, [&hellip;]<\/p>\n","protected":false},"author":1,"featured_media":46,"parent":0,"menu_order":0,"comment_status":"closed","ping_status":"closed","template":"","meta":{"footnotes":""},"class_list":["post-103","page","type-page","status-publish","has-post-thumbnail","hentry"],"yoast_head":"<!-- This site is optimized with the Yoast SEO plugin v23.4 - https:\/\/yoast.com\/wordpress\/plugins\/seo\/ -->\n<title>Equipo - ProfitEdge - Where strategies meet results<\/title>\n<meta name=\"robots\" content=\"index, follow, max-snippet:-1, max-image-preview:large, max-video-preview:-1\" \/>\n<link rel=\"canonical\" href=\"https:\/\/profitedge.es\/index.php\/equipo\/\" \/>\n<meta property=\"og:locale\" content=\"es_ES\" \/>\n<meta property=\"og:type\" content=\"article\" \/>\n<meta property=\"og:title\" content=\"Equipo - ProfitEdge - Where strategies meet results\" \/>\n<meta property=\"og:description\" content=\"C\u00e9sar Guerra Profesional con 15 a\u00f1os de experiencia combinada en Ventas y Gesti\u00f3n de Partner dentro del sector TI. Optimista y entusiasta sobre la generaci\u00f3n de nuevos negocios fomentando excelentes relaciones con clientes. Experiencia en trabajar con CXO en grandes empresas y un profundo conocimiento del mercado de la Nube, [&hellip;]\" \/>\n<meta property=\"og:url\" content=\"https:\/\/profitedge.es\/index.php\/equipo\/\" \/>\n<meta property=\"og:site_name\" content=\"ProfitEdge - Where strategies meet results\" \/>\n<meta property=\"article:modified_time\" content=\"2024-10-08T10:17:02+00:00\" \/>\n<meta property=\"og:image\" content=\"https:\/\/profitedge.es\/wp-content\/uploads\/2024\/09\/Designer-9.jpeg\" \/>\n\t<meta property=\"og:image:width\" content=\"1024\" \/>\n\t<meta property=\"og:image:height\" content=\"1024\" \/>\n\t<meta property=\"og:image:type\" content=\"image\/jpeg\" \/>\n<meta name=\"twitter:card\" content=\"summary_large_image\" \/>\n<meta name=\"twitter:label1\" content=\"Tiempo de lectura\" \/>\n\t<meta name=\"twitter:data1\" content=\"2 minutos\" \/>\n<script type=\"application\/ld+json\" class=\"yoast-schema-graph\">{\"@context\":\"https:\/\/schema.org\",\"@graph\":[{\"@type\":\"WebPage\",\"@id\":\"https:\/\/profitedge.es\/index.php\/equipo\/\",\"url\":\"https:\/\/profitedge.es\/index.php\/equipo\/\",\"name\":\"Equipo - ProfitEdge - Where strategies meet results\",\"isPartOf\":{\"@id\":\"https:\/\/profitedge.es\/#website\"},\"primaryImageOfPage\":{\"@id\":\"https:\/\/profitedge.es\/index.php\/equipo\/#primaryimage\"},\"image\":{\"@id\":\"https:\/\/profitedge.es\/index.php\/equipo\/#primaryimage\"},\"thumbnailUrl\":\"https:\/\/profitedge.es\/wp-content\/uploads\/2024\/09\/Designer-9.jpeg\",\"datePublished\":\"2024-09-20T10:12:50+00:00\",\"dateModified\":\"2024-10-08T10:17:02+00:00\",\"breadcrumb\":{\"@id\":\"https:\/\/profitedge.es\/index.php\/equipo\/#breadcrumb\"},\"inLanguage\":\"es\",\"potentialAction\":[{\"@type\":\"ReadAction\",\"target\":[\"https:\/\/profitedge.es\/index.php\/equipo\/\"]}]},{\"@type\":\"ImageObject\",\"inLanguage\":\"es\",\"@id\":\"https:\/\/profitedge.es\/index.php\/equipo\/#primaryimage\",\"url\":\"https:\/\/profitedge.es\/wp-content\/uploads\/2024\/09\/Designer-9.jpeg\",\"contentUrl\":\"https:\/\/profitedge.es\/wp-content\/uploads\/2024\/09\/Designer-9.jpeg\",\"width\":1024,\"height\":1024},{\"@type\":\"BreadcrumbList\",\"@id\":\"https:\/\/profitedge.es\/index.php\/equipo\/#breadcrumb\",\"itemListElement\":[{\"@type\":\"ListItem\",\"position\":1,\"name\":\"Portada\",\"item\":\"https:\/\/profitedge.es\/\"},{\"@type\":\"ListItem\",\"position\":2,\"name\":\"Equipo\"}]},{\"@type\":\"WebSite\",\"@id\":\"https:\/\/profitedge.es\/#website\",\"url\":\"https:\/\/profitedge.es\/\",\"name\":\"ProfitEdge - Where strategies meet results\",\"description\":\"Where Strategies Meet Results\",\"publisher\":{\"@id\":\"https:\/\/profitedge.es\/#organization\"},\"potentialAction\":[{\"@type\":\"SearchAction\",\"target\":{\"@type\":\"EntryPoint\",\"urlTemplate\":\"https:\/\/profitedge.es\/?s={search_term_string}\"},\"query-input\":{\"@type\":\"PropertyValueSpecification\",\"valueRequired\":true,\"valueName\":\"search_term_string\"}}],\"inLanguage\":\"es\"},{\"@type\":\"Organization\",\"@id\":\"https:\/\/profitedge.es\/#organization\",\"name\":\"ProfitEdge - Where strategies meet results\",\"url\":\"https:\/\/profitedge.es\/\",\"logo\":{\"@type\":\"ImageObject\",\"inLanguage\":\"es\",\"@id\":\"https:\/\/profitedge.es\/#\/schema\/logo\/image\/\",\"url\":\"https:\/\/profitedge.es\/wp-content\/uploads\/2024\/09\/cropped-logo_basic-removebg-preview.png\",\"contentUrl\":\"https:\/\/profitedge.es\/wp-content\/uploads\/2024\/09\/cropped-logo_basic-removebg-preview.png\",\"width\":636,\"height\":168,\"caption\":\"ProfitEdge - Where strategies meet results\"},\"image\":{\"@id\":\"https:\/\/profitedge.es\/#\/schema\/logo\/image\/\"}}]}<\/script>\n<!-- \/ Yoast SEO plugin. -->","yoast_head_json":{"title":"Equipo - ProfitEdge - Where strategies meet results","robots":{"index":"index","follow":"follow","max-snippet":"max-snippet:-1","max-image-preview":"max-image-preview:large","max-video-preview":"max-video-preview:-1"},"canonical":"https:\/\/profitedge.es\/index.php\/equipo\/","og_locale":"es_ES","og_type":"article","og_title":"Equipo - ProfitEdge - Where strategies meet results","og_description":"C\u00e9sar Guerra Profesional con 15 a\u00f1os de experiencia combinada en Ventas y Gesti\u00f3n de Partner dentro del sector TI. Optimista y entusiasta sobre la generaci\u00f3n de nuevos negocios fomentando excelentes relaciones con clientes. Experiencia en trabajar con CXO en grandes empresas y un profundo conocimiento del mercado de la Nube, [&hellip;]","og_url":"https:\/\/profitedge.es\/index.php\/equipo\/","og_site_name":"ProfitEdge - Where strategies meet results","article_modified_time":"2024-10-08T10:17:02+00:00","og_image":[{"width":1024,"height":1024,"url":"https:\/\/profitedge.es\/wp-content\/uploads\/2024\/09\/Designer-9.jpeg","type":"image\/jpeg"}],"twitter_card":"summary_large_image","twitter_misc":{"Tiempo de lectura":"2 minutos"},"schema":{"@context":"https:\/\/schema.org","@graph":[{"@type":"WebPage","@id":"https:\/\/profitedge.es\/index.php\/equipo\/","url":"https:\/\/profitedge.es\/index.php\/equipo\/","name":"Equipo - ProfitEdge - Where strategies meet results","isPartOf":{"@id":"https:\/\/profitedge.es\/#website"},"primaryImageOfPage":{"@id":"https:\/\/profitedge.es\/index.php\/equipo\/#primaryimage"},"image":{"@id":"https:\/\/profitedge.es\/index.php\/equipo\/#primaryimage"},"thumbnailUrl":"https:\/\/profitedge.es\/wp-content\/uploads\/2024\/09\/Designer-9.jpeg","datePublished":"2024-09-20T10:12:50+00:00","dateModified":"2024-10-08T10:17:02+00:00","breadcrumb":{"@id":"https:\/\/profitedge.es\/index.php\/equipo\/#breadcrumb"},"inLanguage":"es","potentialAction":[{"@type":"ReadAction","target":["https:\/\/profitedge.es\/index.php\/equipo\/"]}]},{"@type":"ImageObject","inLanguage":"es","@id":"https:\/\/profitedge.es\/index.php\/equipo\/#primaryimage","url":"https:\/\/profitedge.es\/wp-content\/uploads\/2024\/09\/Designer-9.jpeg","contentUrl":"https:\/\/profitedge.es\/wp-content\/uploads\/2024\/09\/Designer-9.jpeg","width":1024,"height":1024},{"@type":"BreadcrumbList","@id":"https:\/\/profitedge.es\/index.php\/equipo\/#breadcrumb","itemListElement":[{"@type":"ListItem","position":1,"name":"Portada","item":"https:\/\/profitedge.es\/"},{"@type":"ListItem","position":2,"name":"Equipo"}]},{"@type":"WebSite","@id":"https:\/\/profitedge.es\/#website","url":"https:\/\/profitedge.es\/","name":"ProfitEdge - Where strategies meet results","description":"Where Strategies Meet Results","publisher":{"@id":"https:\/\/profitedge.es\/#organization"},"potentialAction":[{"@type":"SearchAction","target":{"@type":"EntryPoint","urlTemplate":"https:\/\/profitedge.es\/?s={search_term_string}"},"query-input":{"@type":"PropertyValueSpecification","valueRequired":true,"valueName":"search_term_string"}}],"inLanguage":"es"},{"@type":"Organization","@id":"https:\/\/profitedge.es\/#organization","name":"ProfitEdge - Where strategies meet results","url":"https:\/\/profitedge.es\/","logo":{"@type":"ImageObject","inLanguage":"es","@id":"https:\/\/profitedge.es\/#\/schema\/logo\/image\/","url":"https:\/\/profitedge.es\/wp-content\/uploads\/2024\/09\/cropped-logo_basic-removebg-preview.png","contentUrl":"https:\/\/profitedge.es\/wp-content\/uploads\/2024\/09\/cropped-logo_basic-removebg-preview.png","width":636,"height":168,"caption":"ProfitEdge - Where strategies meet results"},"image":{"@id":"https:\/\/profitedge.es\/#\/schema\/logo\/image\/"}}]}},"_links":{"self":[{"href":"https:\/\/profitedge.es\/index.php\/wp-json\/wp\/v2\/pages\/103","targetHints":{"allow":["GET"]}}],"collection":[{"href":"https:\/\/profitedge.es\/index.php\/wp-json\/wp\/v2\/pages"}],"about":[{"href":"https:\/\/profitedge.es\/index.php\/wp-json\/wp\/v2\/types\/page"}],"author":[{"embeddable":true,"href":"https:\/\/profitedge.es\/index.php\/wp-json\/wp\/v2\/users\/1"}],"replies":[{"embeddable":true,"href":"https:\/\/profitedge.es\/index.php\/wp-json\/wp\/v2\/comments?post=103"}],"version-history":[{"count":47,"href":"https:\/\/profitedge.es\/index.php\/wp-json\/wp\/v2\/pages\/103\/revisions"}],"predecessor-version":[{"id":396,"href":"https:\/\/profitedge.es\/index.php\/wp-json\/wp\/v2\/pages\/103\/revisions\/396"}],"wp:featuredmedia":[{"embeddable":true,"href":"https:\/\/profitedge.es\/index.php\/wp-json\/wp\/v2\/media\/46"}],"wp:attachment":[{"href":"https:\/\/profitedge.es\/index.php\/wp-json\/wp\/v2\/media?parent=103"}],"curies":[{"name":"wp","href":"https:\/\/api.w.org\/{rel}","templated":true}]}}